{"id":334,"date":"2025-04-20T16:52:55","date_gmt":"2025-04-20T14:52:55","guid":{"rendered":"https:\/\/trajectoire-coaching.fr\/?page_id=334"},"modified":"2025-12-07T15:20:09","modified_gmt":"2025-12-07T14:20:09","slug":"rendez-vous","status":"publish","type":"page","link":"https:\/\/trajectoire-coaching.fr\/?page_id=334","title":{"rendered":"Rendez-vous"},"content":{"rendered":"\n<p>L\u2019accompagnement est r\u00e9alis\u00e9 sur la base de vos demandes. Les premi\u00e8res s\u00e9ances peuvent \u00eatre consacr\u00e9es \u00e0 exprimer vos attentes ou \u00e0 les pr\u00e9ciser. Les conditions sont d\u00e9finies en amont (p\u00e9riodicit\u00e9, dur\u00e9e\u2026). Confidentialit\u00e9 et bienveillance sont bien entendu de mise.<\/p>\n\n\n\n<div class=\"wp-block-cover has-parallax\"><div role=\"img\" aria-label=\"Coaching th\u00e9rapie accompagnement au changement Versailles Viroflay\" class=\"wp-block-cover__image-background wp-image-141 has-parallax\" style=\"background-position:50% 50%;background-image:url(https:\/\/trajectoire-coaching.fr\/wp-content\/uploads\/2024\/04\/coaching-therapie.jpg)\"><\/div><span aria-hidden=\"true\" class=\"wp-block-cover__background has-background-dim\"><\/span><div class=\"wp-block-cover__inner-container is-layout-flow wp-block-cover-is-layout-flow\">\n<p class=\"has-text-align-center has-large-font-size\"><\/p>\n<\/div><\/div>\n\n\n\n<p><\/p>\n\n\n\n<p>Les consultations ont lieu en visioconf\u00e9rence ou \u00e0 Viroflay en pr\u00e9sentiel.<\/p>\n\n\n\n<div class=\"wp-block-group\"><div class=\"wp-block-group__inner-container is-layout-constrained wp-block-group-is-layout-constrained\">\n<div class=\"wp-block-group is-vertical is-layout-flex wp-container-core-group-is-layout-8cf370e7 wp-block-group-is-layout-flex\">\n<p><strong>Premier contact pour \u00e9changer sur votre demande ou pour toute information<\/strong> :<br>sra@trajectoire-coaching.fr<br>06 28 09 75 24<\/p>\n\n\n\n<p><strong>Tarif consultation (environ 1 heure)<\/strong> :<\/p>\n\n\n\n<p>Adultes : 80 euros en pr\u00e9sentiel au cabinet \/ 60 euros en visio.<\/p>\n\n\n\n<p>Ados \/ \u00e9tudiants : 70 euros en pr\u00e9sentiel au cabinet \/ 50 euros en visio.<\/p>\n\n\n\n<p>Difficult\u00e9s financi\u00e8res (sur justificatif) : tarif adapt\u00e9<\/p>\n<\/div>\n<\/div><\/div>\n\n\n\n<p><\/p>\n\n\n\n<p>Les s\u00e9ances sont espac\u00e9es de 2 \u00e0 3 semaines afin que ce qui est travaill\u00e9 en s\u00e9ance s\u2019int\u00e8gre. La dur\u00e9e totale de l\u2019accompagnement est ajust\u00e9e \u00e0 vos besoins et objectifs.<\/p>\n\n\n\n<div class=\"wp-block-group is-vertical is-layout-flex wp-container-core-group-is-layout-8cf370e7 wp-block-group-is-layout-flex\">\n<p><\/p>\n<\/div>\n\n\n\n<p><\/p>\n","protected":false},"excerpt":{"rendered":"<p>L\u2019accompagnement est r\u00e9alis\u00e9 sur la base de vos demandes. Les premi\u00e8res s\u00e9ances peuvent \u00eatre consacr\u00e9es \u00e0 exprimer vos attentes ou \u00e0 les pr\u00e9ciser. Les conditions sont d\u00e9finies en amont (p\u00e9riodicit\u00e9, dur\u00e9e\u2026). Confidentialit\u00e9 et bienveillance sont bien entendu de mise. Les consultations ont lieu en visioconf\u00e9rence ou \u00e0 Viroflay en pr\u00e9sentiel. Premier contact pour \u00e9changer sur [&hellip;]<\/p>\n","protected":false},"author":1,"featured_media":0,"parent":0,"menu_order":0,"comment_status":"closed","ping_status":"closed","template":"","meta":{"_monsterinsights_skip_tracking":false,"_monsterinsights_sitenote_active":false,"_monsterinsights_sitenote_note":"","_monsterinsights_sitenote_category":0,"_uf_show_specific_survey":0,"_uf_disable_surveys":false,"footnotes":""},"class_list":["post-334","page","type-page","status-publish","hentry"],"aioseo_notices":[],"_links":{"self":[{"href":"https:\/\/trajectoire-coaching.fr\/index.php?rest_route=\/wp\/v2\/pages\/334","targetHints":{"allow":["GET"]}}],"collection":[{"href":"https:\/\/trajectoire-coaching.fr\/index.php?rest_route=\/wp\/v2\/pages"}],"about":[{"href":"https:\/\/trajectoire-coaching.fr\/index.php?rest_route=\/wp\/v2\/types\/page"}],"author":[{"embeddable":true,"href":"https:\/\/trajectoire-coaching.fr\/index.php?rest_route=\/wp\/v2\/users\/1"}],"replies":[{"embeddable":true,"href":"https:\/\/trajectoire-coaching.fr\/index.php?rest_route=%2Fwp%2Fv2%2Fcomments&post=334"}],"version-history":[{"count":23,"href":"https:\/\/trajectoire-coaching.fr\/index.php?rest_route=\/wp\/v2\/pages\/334\/revisions"}],"predecessor-version":[{"id":590,"href":"https:\/\/trajectoire-coaching.fr\/index.php?rest_route=\/wp\/v2\/pages\/334\/revisions\/590"}],"wp:attachment":[{"href":"https:\/\/trajectoire-coaching.fr\/index.php?rest_route=%2Fwp%2Fv2%2Fmedia&parent=334"}],"curies":[{"name":"wp","href":"https:\/\/api.w.org\/{rel}","templated":true}]}}