{"id":362,"date":"2025-04-20T18:02:01","date_gmt":"2025-04-20T16:02:01","guid":{"rendered":"https:\/\/trajectoire-coaching.fr\/?page_id=362"},"modified":"2025-06-15T20:23:45","modified_gmt":"2025-06-15T18:23:45","slug":"en-savoir-plus","status":"publish","type":"page","link":"https:\/\/trajectoire-coaching.fr\/?page_id=362","title":{"rendered":"Ce que nous sommes d\u00e9pend de la fa\u00e7on dont notre cerveau interpr\u00e8te nos exp\u00e9riences"},"content":{"rendered":"\n<p>Ma d\u00e9marche en th\u00e9rapie est dite \u00ab\u00a0int\u00e9grative\u00a0\u00bb. En effet, j\u2019utilise diff\u00e9rentes approches et outils auxquels je suis form\u00e9e pour m\u2019adapter \u00e0 la personne que j\u2019accompagne : relation d\u2019aide, gestion des \u00e9motions, neurosciences, EFT, hypnose ericksonienne, analyse transactionnelle, coaching. <a href=\"https:\/\/trajectoire-coaching.fr\/?page_id=57\" target=\"_blank\" rel=\"noreferrer noopener\">Mon parcours<\/a><\/p>\n\n\n\n<p>Il s&rsquo;agit d&rsquo;outils puissants pour r\u00e9v\u00e9ler votre potentiel, modifier vos circuits neuronaux et transformer vos comportements et vos sch\u00e9mas mentaux.<\/p>\n\n\n\n<p>L&rsquo;accompagnement est avant tout<strong> centr\u00e9 sur la personne<\/strong> car vous seul avez la possibilit\u00e9 de conna\u00eetre pleinement les dynamiques de votre comportement et de votre perception de la r\u00e9alit\u00e9, et donc de d\u00e9couvrir pour vous-m\u00eame, avec le support de l&rsquo;accompagnement, un fonctionnement plus appropri\u00e9. <\/p>\n\n\n\n<h3 class=\"wp-block-heading has-text-align-center has-cyan-bluish-gray-color has-text-color has-link-color wp-elements-bf29938e5a8e17c269abfbd1d2876179\"><strong>Ensemble nous mobilisons vos ressources<\/strong><\/h3>\n\n\n\n<p><\/p>\n\n\n\n<p>Adultes : pour <strong>lever des blocages<\/strong>, des <strong>sch\u00e9mas de fonctionnement limitants<\/strong> ou pour la <strong>r\u00e9solution de difficult\u00e9s<\/strong> relationnelles. Pour <strong>g\u00e9rer le stress<\/strong> et les \u00e9motions n\u00e9gatives.<\/p>\n\n\n\n<p>Ados et jeunes adultes : pour <strong>gagner en confiance et en agilit\u00e9 relationnelle<\/strong>, pour <strong>trouver sa voie<\/strong>, ses propres moteurs de motivation, se pr\u00e9parer \u00e0 des examens, <strong>g\u00e9rer le stress et la pression<\/strong>.<\/p>\n\n\n\n<figure class=\"wp-block-image is-resized\"><img loading=\"lazy\" decoding=\"async\" width=\"1280\" height=\"720\" src=\"https:\/\/trajectoire-coaching.fr\/wp-content\/uploads\/2025\/04\/abstraction-1347675_1280-2.jpg\" alt=\"Ressources th\u00e9rapie\" class=\"wp-image-387\" style=\"object-fit:cover;width:826px;height:auto\" srcset=\"https:\/\/trajectoire-coaching.fr\/wp-content\/uploads\/2025\/04\/abstraction-1347675_1280-2.jpg 1280w, https:\/\/trajectoire-coaching.fr\/wp-content\/uploads\/2025\/04\/abstraction-1347675_1280-2-300x169.jpg 300w, https:\/\/trajectoire-coaching.fr\/wp-content\/uploads\/2025\/04\/abstraction-1347675_1280-2-1024x576.jpg 1024w, https:\/\/trajectoire-coaching.fr\/wp-content\/uploads\/2025\/04\/abstraction-1347675_1280-2-768x432.jpg 768w, https:\/\/trajectoire-coaching.fr\/wp-content\/uploads\/2025\/04\/abstraction-1347675_1280-2-540x303.jpg 540w\" sizes=\"auto, (max-width: 1280px) 100vw, 1280px\" \/><\/figure>\n\n\n\n<h3 class=\"wp-block-heading has-cyan-bluish-gray-color has-text-color has-link-color wp-elements-3873e2dcb37d8dbe10985782cc430c53\">Neurosciences, th\u00e9rapie et d\u00e9veloppement personnel<\/h3>\n\n\n\n<p>Le cerveau humain poss\u00e8de un haut niveau de plasticit\u00e9, ce qui signifie qu\u2019il est capable de se modifier, de se r\u00e9organiser et de cr\u00e9er de nouvelles connexions neuronales tout au long de la vie. Cette capacit\u00e9 d\u2019adaptation est au c\u0153ur des approches en hypnose et neurosciences, qui visent \u00e0 mobiliser les ressources internes de l\u2019individu pour favoriser le changement. En agissant \u00e0 la fois sur les m\u00e9canismes inconscients et sur les bases neurobiologiques du comportement, l\u2019hypnose et les d\u00e9couvertes issues des neurosciences permettent d\u2019accompagner efficacement les processus de transformation mentale, \u00e9motionnelle et comportementale.<br><\/p>\n\n\n\n<p><em>\u00ab&nbsp;L\u2019\u00eatre humain a en lui d\u2019immenses ressources<\/em> <em>qui lui permettent de se comprendre lui-m\u00eame, comme de modifier sa propre image, ses attitudes et son comportement volontaire, et ces ressources peuvent \u00eatre exploit\u00e9es pour peu qu\u2019on leur offre un climat caract\u00e9ris\u00e9 par des attitudes psychologiques facilitatrices.&nbsp;\u00bb (Compr\u00e9hension empathique, Congruence et Consid\u00e9ration positive inconditionnelle)<\/em><\/p>\n\n\n\n<p>Carl Rogers<\/p>\n","protected":false},"excerpt":{"rendered":"<p>Ma d\u00e9marche en th\u00e9rapie est dite \u00ab\u00a0int\u00e9grative\u00a0\u00bb. En effet, j\u2019utilise diff\u00e9rentes approches et outils auxquels je suis form\u00e9e pour m\u2019adapter \u00e0 la personne que j\u2019accompagne : relation d\u2019aide, gestion des \u00e9motions, neurosciences, EFT, hypnose ericksonienne, analyse transactionnelle, coaching. Mon parcours Il s&rsquo;agit d&rsquo;outils puissants pour r\u00e9v\u00e9ler votre potentiel, modifier vos circuits neuronaux et transformer vos [&hellip;]<\/p>\n","protected":false},"author":1,"featured_media":0,"parent":0,"menu_order":0,"comment_status":"closed","ping_status":"closed","template":"","meta":{"_monsterinsights_skip_tracking":false,"_monsterinsights_sitenote_active":false,"_monsterinsights_sitenote_note":"","_monsterinsights_sitenote_category":0,"_uf_show_specific_survey":0,"_uf_disable_surveys":false,"footnotes":""},"class_list":["post-362","page","type-page","status-publish","hentry"],"aioseo_notices":[],"_links":{"self":[{"href":"https:\/\/trajectoire-coaching.fr\/index.php?rest_route=\/wp\/v2\/pages\/362","targetHints":{"allow":["GET"]}}],"collection":[{"href":"https:\/\/trajectoire-coaching.fr\/index.php?rest_route=\/wp\/v2\/pages"}],"about":[{"href":"https:\/\/trajectoire-coaching.fr\/index.php?rest_route=\/wp\/v2\/types\/page"}],"author":[{"embeddable":true,"href":"https:\/\/trajectoire-coaching.fr\/index.php?rest_route=\/wp\/v2\/users\/1"}],"replies":[{"embeddable":true,"href":"https:\/\/trajectoire-coaching.fr\/index.php?rest_route=%2Fwp%2Fv2%2Fcomments&post=362"}],"version-history":[{"count":25,"href":"https:\/\/trajectoire-coaching.fr\/index.php?rest_route=\/wp\/v2\/pages\/362\/revisions"}],"predecessor-version":[{"id":557,"href":"https:\/\/trajectoire-coaching.fr\/index.php?rest_route=\/wp\/v2\/pages\/362\/revisions\/557"}],"wp:attachment":[{"href":"https:\/\/trajectoire-coaching.fr\/index.php?rest_route=%2Fwp%2Fv2%2Fmedia&parent=362"}],"curies":[{"name":"wp","href":"https:\/\/api.w.org\/{rel}","templated":true}]}}