{"id":57,"date":"2024-03-24T14:14:05","date_gmt":"2024-03-24T13:14:05","guid":{"rendered":"https:\/\/trajectoire-coaching.fr\/?page_id=57"},"modified":"2025-11-28T12:28:52","modified_gmt":"2025-11-28T11:28:52","slug":"57-2","status":"publish","type":"page","link":"https:\/\/trajectoire-coaching.fr\/?page_id=57","title":{"rendered":"Mon parcours"},"content":{"rendered":"\n<p class=\"has-text-align-left\">Apr\u00e8s une premi\u00e8re partie de carri\u00e8re en management de projets et d&rsquo;\u00e9quipes dans le domaine de l&rsquo;exp\u00e9rience client, j&rsquo;ai choisi de me r\u00e9orienter et de me former dans des disciplines qui me passionnent depuis toujours et qui ont toutes comme objectif le d\u00e9veloppement de la personne, \u00ab\u00a0la r\u00e9alisation du potentiel de l&rsquo;\u00e9lan vital qui conduit l&rsquo;homme vers un d\u00e9veloppement plus complexe et plus complet\u00a0\u00bb (Carl Rogers). <\/p>\n\n\n\n<p><\/p>\n\n\n\n<p class=\"has-text-align-left\">C&rsquo;est naturellement que mes formations et mon parcours personnel m&rsquo;ont conduite vers l&rsquo;accompagnement.<\/p>\n\n\n\n<div class=\"wp-block-cover is-light has-parallax\"><div class=\"wp-block-cover__image-background wp-image-448 size-large has-parallax\" style=\"background-position:50% 50%;background-image:url(https:\/\/trajectoire-coaching.fr\/wp-content\/uploads\/2025\/04\/faces-2092069_1280-576x1024.jpg)\"><\/div><span aria-hidden=\"true\" class=\"wp-block-cover__background has-background-dim\" style=\"background-color:#f7ecd6\"><\/span><div class=\"wp-block-cover__inner-container is-layout-flow wp-block-cover-is-layout-flow\">\n<p class=\"has-text-align-center has-large-font-size\"><\/p>\n<\/div><\/div>\n\n\n\n<p><\/p>\n\n\n\n<p class=\"has-text-align-left\">Apr\u00e8s 10 ann\u00e9es consacr\u00e9es exclusivement \u00e0 l&rsquo;accompagnement en lib\u00e9ral, j&rsquo;exerce aujourd&rsquo;hui \u00e0 la fois en tant que th\u00e9rapeute et dans une structure qui accompagne des jeunes vuln\u00e9rables.<\/p>\n\n\n\n<p class=\"has-text-align-left\">Mon exp\u00e9rience en entreprise (priv\u00e9e et publique) me permet d&rsquo;appr\u00e9hender sans fronti\u00e8re les probl\u00e9matiques personnelles et\/ou professionnelles.<\/p>\n\n\n\n<p>Je poursuis mon chemin de d\u00e9veloppement personnel et continue de me former ou de me sp\u00e9cialiser afin d&rsquo;apporter toujours plus de simplicit\u00e9 et de profondeur dans mes accompagnements.<\/p>\n\n\n\n<h2 class=\"wp-block-heading has-text-align-center has-text-color has-link-color wp-elements-35ec1ed908a07939be46516f0b7a7f3e\" style=\"color:#90a4b7\">Formations<\/h2>\n\n\n\n<p><strong>Praticienne en Relation d\u2019aide<\/strong> (Institut de Formation \u00e0 la Psychologie de la Motivation)<\/p>\n\n\n\n<p>Certification en <strong>Analyse Transactionnelle<\/strong><\/p>\n\n\n\n<p><strong>DU d\u2019Hypnose ericksonienne \u2013 Facult\u00e9 de m\u00e9decine de Cr\u00e9teil<\/strong><\/p>\n\n\n\n<p><strong>Praticienne avanc\u00e9e en Hypnose <\/strong>(<a href=\"http:\/\/www.xtrema.fr\/\">Xtr\u00ebma<\/a>, organisme agr\u00e9\u00e9 par le Syndicat National des Hypnoth\u00e9rapeutes)<\/p>\n\n\n\n<p><strong>Hypnose Gestion des \u00e9motions<\/strong> et <strong>Hypnose intuitive \u00ab\u00a0R\u00e9sonance\u00a0\u00bb<\/strong>, Lise Bartoli<\/p>\n\n\n\n<p>Praticienne avanc\u00e9e en technique de <strong>lib\u00e9ration \u00e9motionnelle \u2013 EFT<\/strong> (Maria-Elisa Hurtado-Graciet)<\/p>\n\n\n\n<p>MOOC certifiant \u00ab\u00a0<strong>Comprendre les addictions<\/strong>\u00ab\u00a0<\/p>\n\n\n\n<p>Bases de la <strong>psychopathologie <\/strong>n\u00e9cessaires \u00e0 l\u2019exercice de l\u2019Hypnoth\u00e9rapie (IFHE)<\/p>\n\n\n\n<p>Certification de <strong>Coach de jeunes<\/strong> (Coaching Ways)<\/p>\n\n\n\n<p><strong>Naturopathe<\/strong> (certifi\u00e9e de la Facult\u00e9 Libre de M\u00e9decine Naturelle du Dr Jean-Pierre Willem) et Formation de naturopathe avec Robert Masson (<em>CENA<\/em>) &#8211; Sp\u00e9cialit\u00e9 <strong>nutrition et <a href=\"https:\/\/trajectoire-coaching.fr\/?p=451\" target=\"_blank\" rel=\"noopener\" title=\"\">micro-nutrition<\/a>.<\/strong><\/p>\n\n\n\n<p><\/p>\n\n\n\n<p><\/p>\n","protected":false},"excerpt":{"rendered":"<p>Apr\u00e8s une premi\u00e8re partie de carri\u00e8re en management de projets et d&rsquo;\u00e9quipes dans le domaine de l&rsquo;exp\u00e9rience client, j&rsquo;ai choisi de me r\u00e9orienter et de me former dans des disciplines qui me passionnent depuis toujours et qui ont toutes comme objectif le d\u00e9veloppement de la personne, \u00ab\u00a0la r\u00e9alisation du potentiel de l&rsquo;\u00e9lan vital qui conduit [&hellip;]<\/p>\n","protected":false},"author":1,"featured_media":0,"parent":0,"menu_order":0,"comment_status":"closed","ping_status":"closed","template":"","meta":{"_monsterinsights_skip_tracking":false,"_monsterinsights_sitenote_active":false,"_monsterinsights_sitenote_note":"","_monsterinsights_sitenote_category":0,"_uf_show_specific_survey":0,"_uf_disable_surveys":false,"footnotes":""},"class_list":["post-57","page","type-page","status-publish","hentry"],"aioseo_notices":[],"_links":{"self":[{"href":"https:\/\/trajectoire-coaching.fr\/index.php?rest_route=\/wp\/v2\/pages\/57","targetHints":{"allow":["GET"]}}],"collection":[{"href":"https:\/\/trajectoire-coaching.fr\/index.php?rest_route=\/wp\/v2\/pages"}],"about":[{"href":"https:\/\/trajectoire-coaching.fr\/index.php?rest_route=\/wp\/v2\/types\/page"}],"author":[{"embeddable":true,"href":"https:\/\/trajectoire-coaching.fr\/index.php?rest_route=\/wp\/v2\/users\/1"}],"replies":[{"embeddable":true,"href":"https:\/\/trajectoire-coaching.fr\/index.php?rest_route=%2Fwp%2Fv2%2Fcomments&post=57"}],"version-history":[{"count":65,"href":"https:\/\/trajectoire-coaching.fr\/index.php?rest_route=\/wp\/v2\/pages\/57\/revisions"}],"predecessor-version":[{"id":578,"href":"https:\/\/trajectoire-coaching.fr\/index.php?rest_route=\/wp\/v2\/pages\/57\/revisions\/578"}],"wp:attachment":[{"href":"https:\/\/trajectoire-coaching.fr\/index.php?rest_route=%2Fwp%2Fv2%2Fmedia&parent=57"}],"curies":[{"name":"wp","href":"https:\/\/api.w.org\/{rel}","templated":true}]}}